{"id":9,"date":"2025-10-24T10:51:20","date_gmt":"2025-10-24T10:51:20","guid":{"rendered":"https:\/\/abarrio.mkgv1.com.es\/abarriowp\/?page_id=9"},"modified":"2025-12-02T10:17:40","modified_gmt":"2025-12-02T10:17:40","slug":"pagina-de-inicio","status":"publish","type":"page","link":"https:\/\/abarrio.mkgv1.com.es\/abarriowp\/","title":{"rendered":"INICIO"},"content":{"rendered":"\n<figure class=\"wp-block-image alignfull size-full\"><img loading=\"lazy\" decoding=\"async\" width=\"1314\" height=\"350\" src=\"https:\/\/abarrio.mkgv1.com.es\/abarriowp\/wp-content\/uploads\/2025\/11\/2.jpg\" alt=\"\" class=\"wp-image-170\" srcset=\"https:\/\/abarrio.mkgv1.com.es\/abarriowp\/wp-content\/uploads\/2025\/11\/2.jpg 1314w, https:\/\/abarrio.mkgv1.com.es\/abarriowp\/wp-content\/uploads\/2025\/11\/2-300x80.jpg 300w, https:\/\/abarrio.mkgv1.com.es\/abarriowp\/wp-content\/uploads\/2025\/11\/2-1024x273.jpg 1024w\" sizes=\"auto, (max-width: 1314px) 100vw, 1314px\" \/><\/figure>\n\n\n\n<div class=\"wp-block-group alignfull has-global-padding is-layout-constrained wp-block-group-is-layout-constrained\">\n<div id=\"services\" class=\"wp-block-group pattern_multiple_covers has-global-padding is-layout-constrained wp-block-group-is-layout-constrained\">\n<div style=\"height:84px\" aria-hidden=\"true\" class=\"wp-block-spacer\"><\/div>\n\n\n\n<h2 class=\"wp-block-heading\">\u00a1Bienvenido al Rinc\u00f3n de las Suculentas Felices!<\/h2>\n\n\n\n<p>Si has llegado hasta aqu\u00ed, probablemente ya sabes que las suculentas son incre\u00edbles. Son <strong>resistentes, hermosas<\/strong> y vienen en una variedad de formas y colores que te enamorar\u00e1n.<\/p>\n\n\n\n<p>Pero, seamos sinceros: la reputaci\u00f3n de &#8220;s\u00faper f\u00e1ciles&#8221; a veces no coincide con la realidad de ver una hoja arrugarse o, peor a\u00fan, una planta pudrirse. \u00a1Tranquilo! No eres t\u00fa, es solo que necesitas la informaci\u00f3n <strong>correcta y sin rodeos<\/strong>.<\/p>\n\n\n\n<div style=\"height:100px\" aria-hidden=\"true\" class=\"wp-block-spacer\"><\/div>\n\n\n\n<h3 class=\"wp-block-heading has-text-align-right\">Olv\u00eddate de los Mitos: Tres Pilares para el \u00c9xito<\/h3>\n<\/div>\n\n\n\n<div class=\"wp-block-group has-global-padding is-layout-constrained wp-block-group-is-layout-constrained\">\n<div class=\"wp-block-group is-layout-flow wp-block-group-is-layout-flow\">\n<div class=\"wp-block-columns is-layout-flex wp-container-core-columns-is-layout-28f84493 wp-block-columns-is-layout-flex\">\n<div class=\"wp-block-column is-style-default is-layout-flow wp-block-column-is-layout-flow\" style=\"border-top-style:none;border-top-width:0px;border-right-style:none;border-right-width:0px;border-bottom-style:none;border-bottom-width:0px;border-left-color:var(--wp--preset--color--lightgrey);border-left-width:1px;padding-top:35px;padding-right:2%;padding-bottom:35px;padding-left:5%\">\n<h2 class=\"wp-block-heading has-primary-color has-text-color\">EL SOL ES COMBUSTIBLE<\/h2>\n\n\n\n<p>La mayor\u00eda de las suculentas necesitan al menos 6 horas de luz solar directa o muy brillante al d\u00eda.<\/p>\n\n\n\n<div style=\"height:59px\" aria-hidden=\"true\" class=\"wp-block-spacer\"><\/div>\n\n\n\n<p>Nunca es demasiada vitamina D<\/p>\n<\/div>\n\n\n\n<div class=\"wp-block-column is-style-default is-layout-flow wp-block-column-is-layout-flow\" style=\"border-top-style:none;border-top-width:0px;border-right-style:none;border-right-width:0px;border-bottom-style:none;border-bottom-width:0px;border-left-color:var(--wp--preset--color--lightgrey);border-left-width:1px;padding-top:35px;padding-right:2%;padding-bottom:35px;padding-left:5%\">\n<h2 class=\"wp-block-heading has-primary-color has-text-color\"><strong>MENOS ES MAS <\/strong><\/h2>\n\n\n\n<p>Riega solo cuando el sustrato est\u00e9 completamente seco. Cuando riegues, hazlo a fondo hasta que el agua salga por el agujero de drenaje.<\/p>\n\n\n\n<div style=\"height:59px\" aria-hidden=\"true\" class=\"wp-block-spacer\"><\/div>\n\n\n\n<p>Regar en peqe\u00f1as cantidades <\/p>\n<\/div>\n\n\n\n<div class=\"wp-block-column is-style-default is-layout-flow wp-block-column-is-layout-flow\" style=\"border-top-style:none;border-top-width:0px;border-right-style:none;border-right-width:0px;border-bottom-style:none;border-bottom-width:0px;border-left-color:var(--wp--preset--color--lightgrey);border-left-width:1px;padding-top:35px;padding-right:2%;padding-bottom:35px;padding-left:5%\">\n<h2 class=\"wp-block-heading has-primary-color has-text-color\">EL HOGAR PERFECTO<\/h2>\n\n\n\n<p>Busca un sustrato espec\u00edfico para cactus y suculentas. Sino, mezcla tierra universal con un material que ayude al drenaje, como perlita o piedra p\u00f3mez. <\/p>\n\n\n\n<p>El agua debe pasar r\u00e1pido.<\/p>\n<\/div>\n<\/div>\n<\/div>\n<\/div>\n\n\n\n<div style=\"height:100px\" aria-hidden=\"true\" class=\"wp-block-spacer\"><\/div>\n\n\n\n<div class=\"wp-block-group has-global-padding is-layout-constrained wp-block-group-is-layout-constrained\">\n<div class=\"wp-block-columns is-layout-flex wp-container-core-columns-is-layout-c375d253 wp-block-columns-is-layout-flex\">\n<div class=\"wp-block-column is-vertically-aligned-center is-layout-flow wp-block-column-is-layout-flow\">\n<h2 class=\"wp-block-heading has-medium-font-size\" style=\"text-transform:uppercase\">LAS 10 SUCULENTAS MAS POPULARES <\/h2>\n\n\n\n<p>Si est\u00e1s empezando a crear tu coleci\u00f3n o buscas plantas llamativas para dar vida a tus estancias, estas especies son la opci\u00f3n perfecta.   En este art\u00edculo te presentamos una selecci\u00f3n de las 10 suculentas m\u00e1s populares para decorar, tanto por su est\u00e9tica como por su facilidad de cuidado. <\/p>\n\n\n\n<div class=\"wp-block-buttons is-horizontal is-content-justification-left is-layout-flex wp-container-core-buttons-is-layout-20be11b6 wp-block-buttons-is-layout-flex\">\n<div class=\"wp-block-button is-style-outline is-style-outline--1\"><a class=\"wp-block-button__link wp-element-button\" href=\"https:\/\/abarrio.mkgv1.com.es\/abarriowp\/?page_id=268\" style=\"border-radius:0px\">VER MAS<\/a><\/div>\n<\/div>\n\n\n\n<p><\/p>\n<\/div>\n\n\n\n<div class=\"wp-block-column is-layout-flow wp-block-column-is-layout-flow\">\n<figure class=\"wp-block-image\"><img decoding=\"async\" src=\"https:\/\/media.admagazine.com\/photos\/618a66aa72049e253173e9d4\/master\/w_1600%2Cc_limit\/68842.jpg\" alt=\"Gu\u00eda pr\u00e1ctica para reproducir tus suculentas f\u00e1cilmente | Architectural  Digest\"\/><\/figure>\n<\/div>\n<\/div>\n\n\n\n<div class=\"wp-block-group is-layout-flow wp-block-group-is-layout-flow\">\n<div class=\"wp-block-columns are-vertically-aligned-center is-layout-flex wp-container-core-columns-is-layout-c375d253 wp-block-columns-is-layout-flex\">\n<div class=\"wp-block-column is-vertically-aligned-center is-layout-flow wp-block-column-is-layout-flow\">\n<figure class=\"wp-block-image size-full is-resized\"><img loading=\"lazy\" decoding=\"async\" width=\"696\" height=\"464\" src=\"https:\/\/abarrio.mkgv1.com.es\/abarriowp\/wp-content\/uploads\/2025\/12\/un-jardin-de-suculentas-en-un-bol-08-1024x682-1-edited.jpg\" alt=\"\" class=\"wp-image-644\" style=\"aspect-ratio:1;width:462px;height:auto\" srcset=\"https:\/\/abarrio.mkgv1.com.es\/abarriowp\/wp-content\/uploads\/2025\/12\/un-jardin-de-suculentas-en-un-bol-08-1024x682-1-edited.jpg 696w, https:\/\/abarrio.mkgv1.com.es\/abarriowp\/wp-content\/uploads\/2025\/12\/un-jardin-de-suculentas-en-un-bol-08-1024x682-1-edited-300x200.jpg 300w\" sizes=\"auto, (max-width: 696px) 100vw, 696px\" \/><\/figure>\n<\/div>\n\n\n\n<div class=\"wp-block-column is-vertically-aligned-center is-layout-flow wp-block-column-is-layout-flow\">\n<h2 class=\"wp-block-heading has-medium-font-size\" style=\"text-transform:uppercase\">MINI JARDIN<\/h2>\n\n\n\n<p>Los mini jardines de suculentas son una manera sencilla y elegante de llevar la naturaleza a cualquier espacio. Adem\u00e1s de decorar, permiten&nbsp;<strong>experimentar con composiciones<\/strong>, aprender sobre distintas especies y crear rincones \u00fanicos en tu hogar u oficina.<\/p>\n\n\n\n<div class=\"wp-block-buttons is-layout-flex wp-block-buttons-is-layout-flex\">\n<div class=\"wp-block-button is-style-outline is-style-outline--2\"><a class=\"wp-block-button__link wp-element-button\" href=\"https:\/\/abarrio.mkgv1.com.es\/abarriowp\/?page_id=352\" style=\"border-radius:0px\">VER MAS<\/a><\/div>\n<\/div>\n<\/div>\n<\/div>\n\n\n\n<p class=\"has-text-color\" style=\"color:#0bb4aa\"><\/p>\n\n\n\n<div style=\"height:100px\" aria-hidden=\"true\" class=\"wp-block-spacer\"><\/div>\n<\/div>\n<\/div>\n<\/div>\n\n\n\n<div id=\"news\" class=\"wp-block-group has-global-padding is-layout-constrained wp-block-group-is-layout-constrained\">\n<p><mark style=\"background-color:rgba(0, 0, 0, 0);color:#ff66cf\" class=\"has-inline-color\">FROM THE BLOG<\/mark><\/p>\n\n\n\n<h2 class=\"wp-block-heading has-text-align-left\">ULTIMAS NOVEDADES<\/h2>\n\n\n\n<div style=\"height:33px\" aria-hidden=\"true\" class=\"wp-block-spacer\"><\/div>\n\n\n\n<div class=\"wp-block-query is-layout-flow wp-block-query-is-layout-flow\"><ul class=\"columns-3 wp-block-post-template is-layout-grid wp-container-core-post-template-is-layout-6aac66c0 wp-block-post-template-is-layout-grid\"><li class=\"wp-block-post post-476 post type-post status-publish format-standard has-post-thumbnail hentry category-atencion_manteniemiento_\">\n<figure style=\"width:100%;height:240px; margin-bottom:var(--wp--preset--spacing--x-small);\" class=\"wp-block-post-featured-image\"><a href=\"https:\/\/abarrio.mkgv1.com.es\/abarriowp\/?p=476\" target=\"_self\"  style=\"height:240px\"><img loading=\"lazy\" decoding=\"async\" width=\"790\" height=\"790\" src=\"https:\/\/abarrio.mkgv1.com.es\/abarriowp\/wp-content\/uploads\/2025\/11\/Liquid-fertiliser-PERFECT-CACTUS-Fluid-225-ml.webp\" class=\"attachment-post-thumbnail size-post-thumbnail wp-post-image\" alt=\"Mantenimiento Avanzado\" style=\"border-radius:5px;height:240px;object-fit:cover;\" srcset=\"https:\/\/abarrio.mkgv1.com.es\/abarriowp\/wp-content\/uploads\/2025\/11\/Liquid-fertiliser-PERFECT-CACTUS-Fluid-225-ml.webp 790w, https:\/\/abarrio.mkgv1.com.es\/abarriowp\/wp-content\/uploads\/2025\/11\/Liquid-fertiliser-PERFECT-CACTUS-Fluid-225-ml-300x300.webp 300w, https:\/\/abarrio.mkgv1.com.es\/abarriowp\/wp-content\/uploads\/2025\/11\/Liquid-fertiliser-PERFECT-CACTUS-Fluid-225-ml-150x150.webp 150w\" sizes=\"auto, 100vw\" \/><\/a><\/figure>\n\n<div style=\"margin-top:0;margin-bottom:0;\" class=\"has-link-color wp-elements-a1817b6b9e4eaefd5826fde68b0a8fdb wp-block-post-date has-text-color has-tertiary-color\"><time datetime=\"2025-11-20T16:33:56+00:00\">noviembre 20, 2025<\/time><\/div>\n\n<h3 style=\"margin-top:0;margin-bottom:var(--wp--preset--spacing--x-small);\" class=\"has-link-color wp-elements-2e75b4e4fab489cf445e03eda13279d1 wp-block-post-title\"><a href=\"https:\/\/abarrio.mkgv1.com.es\/abarriowp\/?p=476\" target=\"_self\" >Mantenimiento Avanzado<\/a><\/h3>\n\n<div class=\"has-link-color wp-elements-61eeeb1d6c31f3761cb8bc35b6e1a095 wp-block-post-excerpt has-text-color has-tertiary-color\"><p class=\"wp-block-post-excerpt__excerpt\">Gu\u00eda Detallada de Cuidados para que tus Suculentas Prosperen Las suculentas son famosas por su resistencia, pero su salud a largo plazo depende de comprender sus ciclos de vida y las se\u00f1ales sutiles de estr\u00e9s. Cuando se plantan&hellip; <\/p><\/div>\n\n<a style=\"text-transform:uppercase; border-width:2px; padding-right:var(--wp--preset--spacing--x-small);padding-left:var(--wp--preset--spacing--x-small);padding-top:10px;padding-bottom:10px;\" class=\"wp-block-read-more has-text-color has-foreground-color\" href=\"https:\/\/abarrio.mkgv1.com.es\/abarriowp\/?p=476\" target=\"_self\">Leyer mas<span class=\"screen-reader-text\">: Mantenimiento Avanzado<\/span><\/a>\n<\/li><li class=\"wp-block-post post-472 post type-post status-publish format-standard has-post-thumbnail hentry category-atencion_manteniemiento_\">\n<figure style=\"width:100%;height:240px; margin-bottom:var(--wp--preset--spacing--x-small);\" class=\"wp-block-post-featured-image\"><a href=\"https:\/\/abarrio.mkgv1.com.es\/abarriowp\/?p=472\" target=\"_self\"  style=\"height:240px\"><img loading=\"lazy\" decoding=\"async\" width=\"819\" height=\"1024\" src=\"https:\/\/abarrio.mkgv1.com.es\/abarriowp\/wp-content\/uploads\/2025\/11\/como-reproducir-suculentas-819x1024-1.webp\" class=\"attachment-post-thumbnail size-post-thumbnail wp-post-image\" alt=\"Gu\u00eda Completa para Crear tu Mini Jard\u00edn de Suculentas (Paso a Paso)\" style=\"border-radius:5px;height:240px;object-fit:cover;\" srcset=\"https:\/\/abarrio.mkgv1.com.es\/abarriowp\/wp-content\/uploads\/2025\/11\/como-reproducir-suculentas-819x1024-1.webp 819w, https:\/\/abarrio.mkgv1.com.es\/abarriowp\/wp-content\/uploads\/2025\/11\/como-reproducir-suculentas-819x1024-1-240x300.webp 240w\" sizes=\"auto, 100vw\" \/><\/a><\/figure>\n\n<div style=\"margin-top:0;margin-bottom:0;\" class=\"has-link-color wp-elements-a1817b6b9e4eaefd5826fde68b0a8fdb wp-block-post-date has-text-color has-tertiary-color\"><time datetime=\"2025-11-20T16:32:50+00:00\">noviembre 20, 2025<\/time><\/div>\n\n<h3 style=\"margin-top:0;margin-bottom:var(--wp--preset--spacing--x-small);\" class=\"has-link-color wp-elements-2e75b4e4fab489cf445e03eda13279d1 wp-block-post-title\"><a href=\"https:\/\/abarrio.mkgv1.com.es\/abarriowp\/?p=472\" target=\"_self\" >Gu\u00eda Completa para Crear tu Mini Jard\u00edn de Suculentas (Paso a Paso)<\/a><\/h3>\n\n<div class=\"has-link-color wp-elements-61eeeb1d6c31f3761cb8bc35b6e1a095 wp-block-post-excerpt has-text-color has-tertiary-color\"><p class=\"wp-block-post-excerpt__excerpt\">Introducci\u00f3n: Tu Propio Micropaisaje en Casa Los mini jardines de suculentas son la soluci\u00f3n perfecta para llevar la naturaleza a espacios peque\u00f1os o para aquellos que buscan una decoraci\u00f3n de bajo mantenimiento sin sacrificar el estilo. Estas composiciones&hellip; <\/p><\/div>\n\n<a style=\"text-transform:uppercase; border-width:2px; padding-right:var(--wp--preset--spacing--x-small);padding-left:var(--wp--preset--spacing--x-small);padding-top:10px;padding-bottom:10px;\" class=\"wp-block-read-more has-text-color has-foreground-color\" href=\"https:\/\/abarrio.mkgv1.com.es\/abarriowp\/?p=472\" target=\"_self\">Leyer mas<span class=\"screen-reader-text\">: Gu\u00eda Completa para Crear tu Mini Jard\u00edn de Suculentas (Paso a Paso)<\/span><\/a>\n<\/li><li class=\"wp-block-post post-470 post type-post status-publish format-standard has-post-thumbnail hentry category-atencion_manteniemiento_\">\n<figure style=\"width:100%;height:240px; margin-bottom:var(--wp--preset--spacing--x-small);\" class=\"wp-block-post-featured-image\"><a href=\"https:\/\/abarrio.mkgv1.com.es\/abarriowp\/?p=470\" target=\"_self\"  style=\"height:240px\"><img loading=\"lazy\" decoding=\"async\" width=\"768\" height=\"512\" src=\"https:\/\/abarrio.mkgv1.com.es\/abarriowp\/wp-content\/uploads\/2025\/11\/suculentas-decorar-interiores-768x512-1.webp\" class=\"attachment-post-thumbnail size-post-thumbnail wp-post-image\" alt=\"Gu\u00eda de Ideas Creativas para Decorar el Hogar con Plantas de Interior\" style=\"border-radius:5px;height:240px;object-fit:cover;\" srcset=\"https:\/\/abarrio.mkgv1.com.es\/abarriowp\/wp-content\/uploads\/2025\/11\/suculentas-decorar-interiores-768x512-1.webp 768w, https:\/\/abarrio.mkgv1.com.es\/abarriowp\/wp-content\/uploads\/2025\/11\/suculentas-decorar-interiores-768x512-1-300x200.webp 300w\" sizes=\"auto, 100vw\" \/><\/a><\/figure>\n\n<div style=\"margin-top:0;margin-bottom:0;\" class=\"has-link-color wp-elements-a1817b6b9e4eaefd5826fde68b0a8fdb wp-block-post-date has-text-color has-tertiary-color\"><time datetime=\"2025-11-20T16:32:15+00:00\">noviembre 20, 2025<\/time><\/div>\n\n<h3 style=\"margin-top:0;margin-bottom:var(--wp--preset--spacing--x-small);\" class=\"has-link-color wp-elements-2e75b4e4fab489cf445e03eda13279d1 wp-block-post-title\"><a href=\"https:\/\/abarrio.mkgv1.com.es\/abarriowp\/?p=470\" target=\"_self\" >Gu\u00eda de Ideas Creativas para Decorar el Hogar con Plantas de Interior<\/a><\/h3>\n\n<div class=\"has-link-color wp-elements-61eeeb1d6c31f3761cb8bc35b6e1a095 wp-block-post-excerpt has-text-color has-tertiary-color\"><p class=\"wp-block-post-excerpt__excerpt\">Introducci\u00f3n: El Poder Transformador de la Decoraci\u00f3n Bot\u00e1nica En la decoraci\u00f3n moderna, las plantas de interior han pasado de ser meros accesorios a convertirse en elementos centrales del dise\u00f1o. Introducir la naturaleza en el hogar (la tendencia conocida&hellip; <\/p><\/div>\n\n<a style=\"text-transform:uppercase; border-width:2px; padding-right:var(--wp--preset--spacing--x-small);padding-left:var(--wp--preset--spacing--x-small);padding-top:10px;padding-bottom:10px;\" class=\"wp-block-read-more has-text-color has-foreground-color\" href=\"https:\/\/abarrio.mkgv1.com.es\/abarriowp\/?p=470\" target=\"_self\">Leyer mas<span class=\"screen-reader-text\">: Gu\u00eda de Ideas Creativas para Decorar el Hogar con Plantas de Interior<\/span><\/a>\n<\/li><\/ul><\/div>\n\n\n\n<p><\/p>\n<\/div>\n\n\n<div class=\"aligncenter wp-block-site-logo\"><a href=\"https:\/\/abarrio.mkgv1.com.es\/abarriowp\/\" class=\"custom-logo-link\" rel=\"home\"><img loading=\"lazy\" decoding=\"async\" width=\"268\" height=\"268\" src=\"https:\/\/abarrio.mkgv1.com.es\/abarriowp\/wp-content\/uploads\/2025\/10\/LOGO-2.png\" class=\"custom-logo\" alt=\"\" srcset=\"https:\/\/abarrio.mkgv1.com.es\/abarriowp\/wp-content\/uploads\/2025\/10\/LOGO-2.png 500w, https:\/\/abarrio.mkgv1.com.es\/abarriowp\/wp-content\/uploads\/2025\/10\/LOGO-2-300x300.png 300w, https:\/\/abarrio.mkgv1.com.es\/abarriowp\/wp-content\/uploads\/2025\/10\/LOGO-2-150x150.png 150w\" sizes=\"auto, 100vw\" \/><\/a><\/div>\n\n\n<div style=\"height:200px\" aria-hidden=\"true\" class=\"wp-block-spacer\"><\/div>\n","protected":false},"excerpt":{"rendered":"<p>\u00a1Bienvenido al Rinc\u00f3n de las Suculentas Felices! Si has llegado hasta aqu\u00ed, probablemente ya sabes que las suculentas son incre\u00edbles. Son resistentes, hermosas y vienen en una variedad de formas y colores que te enamorar\u00e1n. Pero, seamos sinceros: la reputaci\u00f3n de &#8220;s\u00faper f\u00e1ciles&#8221; a veces no coincide con la realidad de ver una hoja arrugarse &hellip; <\/p>\n<p class=\"link-more\"><a href=\"https:\/\/abarrio.mkgv1.com.es\/abarriowp\/\" class=\"more-link\">Read more<span class=\"screen-reader-text\"> &#8220;INICIO&#8221;<\/span><\/a><\/p>\n","protected":false},"author":1,"featured_media":0,"parent":0,"menu_order":0,"comment_status":"closed","ping_status":"closed","template":"page-templates\/homepage-builder-bb.php","meta":{"footnotes":""},"class_list":["post-9","page","type-page","status-publish","hentry"],"_links":{"self":[{"href":"https:\/\/abarrio.mkgv1.com.es\/abarriowp\/index.php?rest_route=\/wp\/v2\/pages\/9","targetHints":{"allow":["GET"]}}],"collection":[{"href":"https:\/\/abarrio.mkgv1.com.es\/abarriowp\/index.php?rest_route=\/wp\/v2\/pages"}],"about":[{"href":"https:\/\/abarrio.mkgv1.com.es\/abarriowp\/index.php?rest_route=\/wp\/v2\/types\/page"}],"author":[{"embeddable":true,"href":"https:\/\/abarrio.mkgv1.com.es\/abarriowp\/index.php?rest_route=\/wp\/v2\/users\/1"}],"replies":[{"embeddable":true,"href":"https:\/\/abarrio.mkgv1.com.es\/abarriowp\/index.php?rest_route=%2Fwp%2Fv2%2Fcomments&post=9"}],"version-history":[{"count":47,"href":"https:\/\/abarrio.mkgv1.com.es\/abarriowp\/index.php?rest_route=\/wp\/v2\/pages\/9\/revisions"}],"predecessor-version":[{"id":677,"href":"https:\/\/abarrio.mkgv1.com.es\/abarriowp\/index.php?rest_route=\/wp\/v2\/pages\/9\/revisions\/677"}],"wp:attachment":[{"href":"https:\/\/abarrio.mkgv1.com.es\/abarriowp\/index.php?rest_route=%2Fwp%2Fv2%2Fmedia&parent=9"}],"curies":[{"name":"wp","href":"https:\/\/api.w.org\/{rel}","templated":true}]}}